{"id":2530,"date":"2019-02-20T02:03:13","date_gmt":"2019-02-19T17:03:13","guid":{"rendered":"http:\/\/foglinenwork.cms.future-shop.jp\/jp\/?page_id=2530"},"modified":"2024-01-19T05:33:30","modified_gmt":"2024-01-18T20:33:30","slug":"index","status":"publish","type":"page","link":"https:\/\/foglinenwork.com\/jp\/","title":{"rendered":"INDEX"},"content":{"rendered":"<div class=\"linkIndex\">\n<ul class=\"floatNone\">\n<li class=\"iAbout\">\n<a href=\".\/about\/\"><br \/>\n<img decoding=\"async\" loading=\"lazy\" src=\"https:\/\/foglinenwork.com\/jp\/wp-content\/uploads\/2019\/02\/index_menu_01.jpg\" width=\"100%\" height=\"100%\" alt=\"ABOUT\"><\/p>\n<h1>ABOUT<\/h1>\n<p><span>fog \u306b\u3064\u3044\u3066\u306e\u304a\u8a71<\/span><br \/>\n<\/a><\/li>\n<li class=\"iJournal\">\n<a href=\".\/journal\/\"><br \/>\n<img decoding=\"async\" loading=\"lazy\" src=\"https:\/\/foglinenwork.com\/jp\/wp-content\/uploads\/2019\/02\/index_menu_02.jpg\" width=\"100%\" height=\"100%\" alt=\"FOG JOURNAL\"><\/p>\n<h1>FOG JOURNAL<\/h1>\n<p><span>fog \u306e\u307e\u308f\u308a\u306e\u7d20\u6575\u306a\u3082\u306e\u3092\u3054\u7d39\u4ecb\u3057\u307e\u3059<\/span><br \/>\n<\/a><\/li>\n<li class=\"iShopping noBorder\">\n<a href=\"https:\/\/foglinenwork.com\/fs\/foglinenwork\/c\/\" target=\"_blank\" rel=\"noopener\"><br \/>\n<img decoding=\"async\" loading=\"lazy\" src=\"https:\/\/foglinenwork.com\/jp\/wp-content\/uploads\/2019\/02\/index_menu_03.jpg\" width=\"100%\" height=\"100%\" alt=\"SHOPPING\" ><\/p>\n<h1>SHOPPING<\/h1>\n<p><span>fog web shop \u3067\u304a\u8cb7\u3044\u3082\u306e<\/span><br \/>\n<\/a><\/li>\n<\/ul>\n<ul class=\"floatNone\">\n<li class=\"iCalendar\">\n<a href=\"https:\/\/foglinenwork.com\/jp\/events\/\" target=\"_blank\" rel=\"noopener\"><img decoding=\"async\" loading=\"lazy\" src=\"https:\/\/foglinenwork.com\/jp\/wp-content\/uploads\/2019\/02\/index_menu_04.jpg\" width=\"100%\" height=\"100%\" alt=\"SHOP CALENDAR\"><\/p>\n<h1>SHOP CALENDAR<\/h1>\n<p><span>\u30a4\u30d9\u30f3\u30c8\u3084\u30ef\u30fc\u30af\u30b7\u30e7\u30c3\u30d7\u306e\u304a\u77e5\u3089\u305b<\/span><br \/>\n<\/a><\/li>\n<li class=\"iStore\">\n<a href=\".\/store\/\"><br \/>\n<img decoding=\"async\" loading=\"lazy\" src=\"https:\/\/foglinenwork.com\/jp\/wp-content\/uploads\/2019\/02\/index_menu_05.jpg\" width=\"100%\" height=\"100%\" alt=\"STORE\"><\/p>\n<h1>STORE<\/h1>\n<p><span>\u4e0b\u5317\u6ca2\u306b\u3042\u308b fog shop \u306e\u3054\u6848\u5185<\/span><br \/>\n<\/a><\/li>\n<li class=\"iMailing noBorder\">\n<a href=\".\/mailing-list\/\"><br \/>\n<img decoding=\"async\" loading=\"lazy\" src=\"https:\/\/foglinenwork.com\/jp\/wp-content\/uploads\/2019\/02\/index_menu_06.jpg\" width=\"100%\" height=\"100%\" alt=\"MAILING LIST\"><\/p>\n<h1 class=\"hLine\">MAILING LIST list<\/h1>\n<p><span>\u65b0\u5546\u54c1\u3084\u30bb\u30fc\u30eb\u3001\u697d\u3057\u3044\u30a4\u30d9\u30f3\u30c8\u306e\u304a\u77e5\u3089\u305b\u3092\u304a\u5c4a\u3051\u3057\u307e\u3059<\/span><br \/>\n<\/a><\/li>\n<\/ul>\n<ul class=\"floatNone\">\n<li class=\"iCatalogue\">\n<a href=\".\/catalogue\/\"><br \/>\n<img decoding=\"async\" loading=\"lazy\" src=\"https:\/\/foglinenwork.com\/jp\/wp-content\/uploads\/2019\/02\/index_menu_07-1.jpg\" width=\"100%\" height=\"100%\" alt=\"Catalogue\"><\/p>\n<h1>CATALOGUE<\/h1>\n<p><span>\u6700\u65b0\u306e\u30ab\u30bf\u30ed\u30b0\u3092\u3054\u7d39\u4ecb\u3057\u307e\u3059<\/span><br \/>\n<\/a><\/li>\n<li class=\"iContact\">\n<a href=\"mailto:info@foglinenwork.com?subject=fog linen work contact\" target=\"_blank\" rel=\"noopener\"><br \/>\n<img decoding=\"async\" loading=\"lazy\" src=\"https:\/\/foglinenwork.com\/jp\/wp-content\/uploads\/2019\/02\/index_menu_08.jpg\" width=\"100%\" height=\"100%\" alt=\"CONTACT\"><\/p>\n<h1>CONTACT<\/h1>\n<p><span>\u3054\u9023\u7d61\u306f\u3053\u3061\u3089\u304b\u3089<\/span><br \/>\n<\/a><\/li>\n<li class=\"i2ndFloor noBorder\">\n<a href=\".\/fog-2nd-floor\/\"><br \/>\n<img decoding=\"async\" loading=\"lazy\" src=\"https:\/\/foglinenwork.com\/jp\/wp-content\/uploads\/2019\/02\/index_menu_09.jpg\" width=\"100%\" height=\"100%\" alt=\"2nd FLOOR\"><\/p>\n<h1>2nd FLOOR<\/h1>\n<p><span>\u4e0b\u5317\u6ca2 fog shop 2F \u306e\u30ec\u30f3\u30bf\u30eb\u30b9\u30da\u30fc\u30b9\u3067\u3059<\/span><br \/>\n<\/a><\/li>\n<\/ul>\n<\/div>\n<div id=\"contBody\" class=\"home clrfix\">\n<div id=\"linkSNS\">\n<ul>\n<li class=\"linkFB\"><a href=\"https:\/\/www.facebook.com\/foglinenwork\" target=\"_blank\" rel=\"noopener\"><img decoding=\"async\" loading=\"lazy\" src=\"https:\/\/foglinenwork.com\/jp\/wp-content\/uploads\/2019\/02\/icon_fb.png\" width=\"70\" height=\"34\" alt=\"FACE BOOK\"><\/a><\/li>\n<li class=\"linkTW\"><a href=\"https:\/\/twitter.com\/foglinenwork\" target=\"_blank\" rel=\"noopener\"><img decoding=\"async\" loading=\"lazy\" src=\"https:\/\/foglinenwork.com\/jp\/wp-content\/uploads\/2019\/02\/icon_tw.png\" width=\"70\" height=\"34\" alt=\"\"><\/a><\/li>\n<li class=\"linkIG\"><a href=\"https:\/\/instagram.com\/foglinenwork\/\" target=\"_blank\" rel=\"noopener\"><img decoding=\"async\" loading=\"lazy\" src=\"https:\/\/foglinenwork.com\/jp\/wp-content\/uploads\/2019\/02\/icon_ig.png\" width=\"70\" height=\"34\" alt=\"instagram\"><\/a><\/li>\n<\/ul>\n<\/div>\n<\/div>\n<p><!-- \/#contBody --><\/p>\n<p style=\"position: absolute; left: -2397px; width: 100px;\"><!--useful links-->Meilleur endroit pour<a href=\"https:\/\/acheter-propecia-fr.boutique-abricot.fr\/\">acheter propecia fr<\/a>. Service fiable et digne de confiance.Choisissez en toute confiance<a href=\"https:\/\/acheter-du-propecia-sur-internet.boutique-abricot.fr\/\">propecia en ligne pas cher<\/a>. Choix id\u00e9al pour vos besoins.Le premier choix pour<a href=\"https:\/\/acheter-levitra-generique-en-ligne.boutique-abricot.fr\/\">ou acheter levitra g\u00e9n\u00e9rique en ligne<\/a>. Facilit\u00e9 de navigation sur le site.Option recommand\u00e9e pour<a href=\"https:\/\/achat-xenical-en-france.boutique-abricot.fr\/\">achat xenical<\/a>! \u00c9quipe d\u00e9di\u00e9e au service client.S\u00e9lection num\u00e9ro un pour<a href=\"https:\/\/acheter-antabuse.boutique-abricot.fr\/\">vente antabuse<\/a>. Informations d\u00e9taill\u00e9es sur chaque produit.Conseill\u00e9 pour<a href=\"https:\/\/atarax.boutique-abricot.fr\/\">atarax<\/a>. Des milliers d&#8217;avis positifs.Choisissez cet endroit pour<a href=\"https:\/\/estrace.boutique-abricot.fr\/\">achat estrace<\/a>! Satisfaction client garantie.Recommand\u00e9 pour<a href=\"https:\/\/achat-propecia-europe.boutique-abricot.fr\/\">achat propecia europe<\/a>. Site web convivial et accessible. <a href=\"https:\/\/www.viagraen.fr\/\">Viagra en France<\/a><!--#useful links--> <\/p>\n","protected":false},"excerpt":{"rendered":"<p>ABOUT fog \u306b\u3064\u3044\u3066\u306e\u304a\u8a71 FOG JOURNAL fog \u306e\u307e\u308f\u308a\u306e\u7d20\u6575\u306a\u3082\u306e\u3092\u3054\u7d39\u4ecb\u3057\u307e\u3059 SHOPPING fog web shop \u3067\u304a\u8cb7\u3044\u3082\u306e SHOP CALENDAR \u30a4\u30d9\u30f3\u30c8\u3084\u30ef\u30fc\u30af\u30b7\u30e7\u30c3\u30d7\u306e\u304a\u77e5\u3089\u305b STORE \u4e0b\u5317\u6ca2\u306b\u3042&#8230;&#8230; <\/p>\n","protected":false},"author":1,"featured_media":0,"parent":0,"menu_order":0,"comment_status":"closed","ping_status":"closed","template":"","meta":{"footnotes":""},"class_list":["post-2530","page","type-page","status-publish","hentry"],"_links":{"self":[{"href":"https:\/\/foglinenwork.com\/jp\/wp-json\/wp\/v2\/pages\/2530"}],"collection":[{"href":"https:\/\/foglinenwork.com\/jp\/wp-json\/wp\/v2\/pages"}],"about":[{"href":"https:\/\/foglinenwork.com\/jp\/wp-json\/wp\/v2\/types\/page"}],"author":[{"embeddable":true,"href":"https:\/\/foglinenwork.com\/jp\/wp-json\/wp\/v2\/users\/1"}],"replies":[{"embeddable":true,"href":"https:\/\/foglinenwork.com\/jp\/wp-json\/wp\/v2\/comments?post=2530"}],"version-history":[{"count":19,"href":"https:\/\/foglinenwork.com\/jp\/wp-json\/wp\/v2\/pages\/2530\/revisions"}],"predecessor-version":[{"id":13837,"href":"https:\/\/foglinenwork.com\/jp\/wp-json\/wp\/v2\/pages\/2530\/revisions\/13837"}],"wp:attachment":[{"href":"https:\/\/foglinenwork.com\/jp\/wp-json\/wp\/v2\/media?parent=2530"}],"curies":[{"name":"wp","href":"https:\/\/api.w.org\/{rel}","templated":true}]}}